{"id":3,"date":"2018-07-26T12:41:46","date_gmt":"2018-07-26T12:41:46","guid":{"rendered":"http:\/\/sviluppo.orsamaggiore.it\/?page_id=3"},"modified":"2019-05-22T16:50:34","modified_gmt":"2019-05-22T14:50:34","slug":"privacy-policy","status":"publish","type":"page","link":"https:\/\/www.orsamaggiore.it\/en\/privacy-policy\/","title":{"rendered":"Privacy Policy"},"content":{"rendered":"<p><strong>Informativa sul trattamento dei dati personali ai sensi del Regolamento UE n. 679\/2016 (GDPR) e delle ulteriori normative vigenti<\/strong><\/p>\n<p>La protezione della sua privacy e dei suoi dati personali \u00e8 una questione importante a cui prestiamo attenzione in tutti i nostri rapporti commerciali e in tutti i servizi offerti. Rispettiamo la riservatezza dei suoi dati personali e agiamo sempre in conformit\u00e0 con le disposizioni della legge sulla protezione dei dati e di questa Informativa sulla privacy.<\/p>\n<p><strong>Premessa<\/strong><\/p>\n<p>Questa pagina ha lo scopo di informare <strong>l\u2019Interessato\/Utente<\/strong> su come <strong>A.MA.FA&#8217; Srl<\/strong> utilizza i dati personali raccolti dal sito web www.orsamaggiore.it e dalle relative applicazioni online, indipendentemente dagli scopi del collegamento. L\u2019informativa non \u00e8 estendibile a siti web eventualmente consultati dall&#8217;utente tramite link. Si descrivono le modalit\u00e0 di raccolta e gestione del trattamento dei dati personali individuando: tipologia di dati, base giuridica, destinatari del trattamento (compresi eventuali esteri), periodo di conservazione, diritti dell\u2019Interessato, se vi sia obbligo di comunicazioni dei dati ed eventuali conseguenze del diniego, eventuale presenza di processi decisionali automatizzati (compresa la profilazione) e categorie di dati trattati. A seguito della consultazione di questo sito web possono essere trattati dati relativi a persone identificate o identificabili ai sensi degli artt. 4 e 24 del Reg. UE 2016\/679 \u2013 GDPR. Tali informazioni vengono raccolte, valutate e successivamente utilizzate esclusivamente per le finalit\u00e0 autorizzate e consentite e non vengono trasmesse a terzi, eccetto espressa autorizzazione o qualora specificato per il conseguimento delle finalit\u00e0. L\u2019informativa \u00e8 resa nel rispetto di quanto previsto ai sensi degli artt. 12, 13 e 14 del Reg. UE 2016\/679 \u2013 GDPR.<\/p>\n<p>1. <strong>Titolare del Trattamento<\/strong><\/p>\n<p>Il Titolare del Trattamento \u00e8 A.MA.FA&#8217; Srl , con sede in Via Litoranea per Santa Cesarea, 303 &#8211; 73030 Castro (LE), Italia, contattabile all&#8217;indirizzo <a href=\"mailto:info@orsamaggiore.it\">info@orsamaggiore.it<\/a>. Le operazioni di trattamento saranno effettuate da Incaricati designati dal Titolare del Trattamento, i quali operano sotto la sua diretta autorit\u00e0 nel rispetto delle istruzioni ricevute.<\/p>\n<p>2. <strong>Dati Personali Raccolti e Trattati<\/strong><\/p>\n<p><strong>Dati di navigazione <\/strong>I sistemi informatici e le procedure software preposte al funzionamento di questo sito web acquisiscono, nel corso del loro normale esercizio, alcuni dati personali la cui trasmissione \u00e8 implicita nell&#8217;uso dei protocolli di comunicazione di Internet. Tra i dati raccolti sono comprese informazioni relative agli accessi, quali gli indirizzi IP e i nomi di dominio dei computer utilizzati dagli utenti che si connettono al sito, nonch\u00e9 altri parametri riguardanti l\u2019ambiente informatico utilizzato dagli utenti (come ad esempio: il browser Internet utilizzato, il sistema operativo, il nome di dominio del sito web visitato per ultimo prima di accedere al nostro sito web, il numero di visite, il tempo trascorso sul nostro sito web e le pagine a cui si accede). Questi dati vengono utilizzati al solo fine di ricavare informazioni statistiche anonime sull&#8217;uso del sito e per controllarne il corretto funzionamento. Tali dati, raccolti automaticamente, non sono associati a dati provenienti da altre fonti, impedendo di conseguenza l\u2019identificazione degli Interessati. Tuttavia, ci riserviamo il diritto di verificare e associare in modo retrospettivo tali dati, se vengono portate alla nostra attenzione indicazioni concrete sull&#8217;uso illegale.<\/p>\n<p><strong>Dati forniti volontariamente dall&#8217;utente <\/strong>Alcuni dati personali (per esempio: nome, cognome, indirizzo email, ecc.) vengono richiesti all&#8217;Utente per l\u2019utilizzo dei servizi on-line presenti nel nostro sito. In questo caso, i dati personali vengono raccolti, per quanto possibile, su base volontaria e facoltativa.<\/p>\n<p>Se, invece, l\u2019Utente decide di inviare spontaneamente e liberamente posta elettronica o cartacea agli indirizzi indicati su questo sito web, questo comporter\u00e0 la successiva acquisizione dell\u2019indirizzo email o civico del mittente, necessario per rispondere alle richieste, nonch\u00e9 degli eventuali altri dati personali inseriti nella missiva. I dati personali raccolti in questo caso sono inerenti esclusivamente a: \u2013 Dati identificativi (per esempio: nome, cognome, indirizzo, telefono, fax, e-mail, etc.). \u2013 Dati fiscali (se richiesti a norma di legge \u2013 per esempio codice fiscale, partita iva etc.). I dati personali inviatici di natura diversa o non inerenti a quelli sopra specificati (come ad esempio: dati personali sensibili o giudiziari) saranno trattati nel rispetto del regolamento UE 2016\/679 e relativa normativa solo su espresso consenso dell\u2019Interessato e solo se necessario al perseguimento delle finalit\u00e0 richieste, altrimenti saranno ignorati e non trattati o distrutti, ad esclusione di quelli necessari all&#8217;adempimento di obbligazioni contrattuali o all&#8217;adempimento di obblighi di legge.<\/p>\n<p><strong>Cookie <\/strong>Questo sito web utilizza vari Cookie per migliorare e facilitare la navigazione. Per tutte le informazioni concernenti i Cookie di questo Sito web visitare: <strong><em><a href=\"http:\/\/sviluppo.orsamaggiore.it\/cookie-policy\/\">Cookie Policy<\/a><\/em><\/strong><a href=\"file:\/\/\/C:\\Users\\Marketing1\\Desktop\\Moduli%20%20web%20GENERICI\\index.php%3farea=1&amp;menu=1&amp;page=15&amp;lingua=4\"><br \/>\n<\/a><\/p>\n<p>3. <strong>Liceit\u00e0, Finalit\u00e0 e Modalit\u00e0 del Trattamento<\/strong><\/p>\n<p>I dati personali forniti dall&#8217;Interessato interagendo con il presente sito web saranno oggetto di trattamento nel rispetto delle condizioni di liceit\u00e0 ex art. 6 Reg. UE 2016\/679 (espresso consenso al trattamento, esecuzione di un contratto o misure precontrattuali, adempimenti di obblighi legali, perseguimento del legittimo interesse del Titolare del Trattamento) e vengono elaborati e utilizzati, nella misura minima necessaria, esclusivamente per le seguenti finalit\u00e0:<\/p>\n<ol>\n<li>Funzionamento e miglioramento della navigazione all&#8217;interno del presente sito web.<\/li>\n<li>Fornitura, miglioramento e supporto dei nostri servizi on-line.<\/li>\n<li>Risposta a seguito di richieste inoltrate tramite l\u2019uso del modulo di contatto.<\/li>\n<li>Legittimo interesse del Titolare del Trattamento.<\/li>\n<li>Obblighi previsti da Legge e Regolamenti.<\/li>\n<\/ol>\n<p>In ogni caso, i dati personali saranno trattati in forma informatizzata, telematica, cartacea e inseriti nelle pertinenti banche dati cui potr\u00e0 accedere esclusivamente il Titolare del Trattamento e i suoi Incaricati. Per quanto riguarda i dati trattati in ogni loro forma, si sottolinea che sono state adottate tutte le misure di sicurezza appropriate per tutelare i diritti, le libert\u00e0 e i legittimi interessi dell\u2019Interessato. Inoltre, specifiche misure di sicurezza sono osservate per prevenire la perdita dei dati, usi illeciti o non corretti e accessi non autorizzati.<\/p>\n<p>4. <strong>Obbligatoriet\u00e0 del conferimento dei Dati<\/strong><\/p>\n<p>I dati trasmessi nell&#8217;implicito uso dei protocolli di comunicazione di internet, come precedentemente specificato, sono automaticamente conferiti e necessari per dar corso alla navigazione nel sito web.<\/p>\n<p>Per ci\u00f2 che concerne i servizi on-line offerti in questo sito web, il conferimento dei dati indicati come obbligatori nei campi dei relativi moduli \u00e8 necessario per ottenere quanto richiesto, dar corso al servizio e\/o ad eventuali rapporti professionali o lavorativi. Pertanto, in caso non vengano forniti o vengano forniti in maniera non corretta, ci\u00f2 influir\u00e0 sulla libera visualizzazione di quanto contenuto nel sito web.<\/p>\n<p>A parte quanto sopra specificato, l\u2019Utente \u00e8 libero di fornire gli altri eventuali dati personali durante la navigazione di questo sito e nella compilazione dei moduli dei servizi on-line.<\/p>\n<p class=\"title darkBlue small allCaps\">5. <strong>Per quali scopi A.MA.FA&#8217; Srl tratter\u00e0 i Dati personali degli utenti?<\/strong><\/p>\n<p>I dati personali forniti tramite il sito web verranno elaborati da <strong>A.MA.FA&#8217; Srl<\/strong>\u00a0per i seguenti scopi:<\/p>\n<div style=\"padding-left: 40px;\">1. Dati forniti per\u00a0<strong>l&#8217;effettuazione di prenotazioni, sia attraverso il sito web che il booking center per richieste ricettive individuali e di gruppo:<\/strong><\/p>\n<ul>\n<li>Gestione delle richieste di prenotazione effettuate dagli utenti.<\/li>\n<li>Invio della conferma o della documentazione della prenotazione effettuata.<\/li>\n<li>Invio di comunicazioni commerciali da parte di <strong>A.MA.FA&#8217; Srl<\/strong>, in caso sia stato rilasciato relativo consenso.<\/li>\n<li>Analisi dell&#8217;utilizzo del sito web e verifica delle preferenze e del comportamento dell&#8217;utente.<\/li>\n<\/ul>\n<p>2. Dati forniti per pubblicazioni sui <strong>BLOG<\/strong> appartenenti a <strong>A.MA.FA&#8217; Srl<\/strong>:<\/p>\n<ul>\n<li>Gestione della pubblicazione dei commenti sul sito web.<\/li>\n<li>Analisi dell&#8217;utilizzo del sito web e verifica delle preferenze e del comportamento dell&#8217;utente.<\/li>\n<li>Se necessario, monitoraggio del contenuto dei commenti degli utenti e, se del caso, eliminazione di quelli il cui contenuto non soddisfa le condizioni del sito web a discrezione di <strong>A.MA.FA&#8217; Srl<\/strong>.<\/li>\n<\/ul>\n<p>3. Dati forniti per <strong>modificare o cancellare le prenotazioni<\/strong>:<\/p>\n<ul>\n<li>Gestione delle richieste di modifica o cancellazione della prenotazione effettuata a <strong>A.MA.FA&#8217; Srl<\/strong>\u00a0da parte dell&#8217;utente.<\/li>\n<li>Invio della relativa risposta a <strong>A.MA.FA&#8217; Srl<\/strong>.<\/li>\n<li>Analisi dell&#8217;utilizzo del sito web e verifica delle preferenze e del comportamento dell&#8217;utente.<\/li>\n<\/ul>\n<p>4. Dati forniti su <strong>moduli di contatto<\/strong>:<\/p>\n<ul>\n<li>Gestione delle richieste di contatto e di informazioni da parte degli utenti attraverso i canali disponibili a tale scopo sul sito.<\/li>\n<li>Gestione delle richieste effettuate.<\/li>\n<li>Analisi dell&#8217;utilizzo del sito web e verifica delle preferenze e del comportamento dell&#8217;utente.<\/li>\n<\/ul>\n<\/div>\n<p>5. <strong>Luogo di Trattamento dei Dati<\/strong><\/p>\n<p>I trattamenti connessi ai servizi web di questo sito hanno luogo presso la predetta sede del Titolare del Trattamento e sono curati solo da personale autorizzato, o da eventuali incaricati di occasionali operazioni di manutenzione. I dati acquisiti vengono salvati su web server in housing presso server farm dedicate ubicate in Italia e in EU.<\/p>\n<p><strong>6. <strong>Eventuali Destinatari dei Dati<\/strong> <\/strong><\/p>\n<p>I dati non vengono mai trasmessi a terze parti tranne nel caso in cui siano necessarie e\/o coinvolte nel raggiungimento delle finalit\u00e0 e\/o erogazione del servizio e\/o svolgimento degli ordini o contratti. Inoltre, potremmo essere tenuti a divulgare i dati personali al fine di adempiere ad obblighi di legge e\/o di soddisfare requisiti legali e\/o per far valere diritti e accordi.<\/p>\n<ul>\n<li><strong>Trasmissione di dati a terze parti<\/strong>: non vengono trasmessi i dati dell\u2019Interessato a terze parti tranne nei casi di esecuzione di una sua richiesta esplicita o della necessit\u00e0 di svolgimento di un contratto o servizio.<\/li>\n<li><strong>Trasmissione di dati all&#8217;estero<\/strong>: non trasmettiamo i dati a soggetti esteri.<\/li>\n<li><strong>Conformit\u00e0 con leggi e obblighi simili<\/strong>: solo in caso di necessit\u00e0, trasmetteremo i dati personali dell\u2019utente al fine di:\n<ol>\n<li>applicare o rispettare una legge, un regolamento, un ordine emesso da un\u2019autorit\u00e0 pubblica o misure obbligatorie;<\/li>\n<li>rilevare e prevenire minacce alla sicurezza, frode o altre attivit\u00e0 dannose;<\/li>\n<li>proteggere e\/o far rispettare i diritti e le propriet\u00e0 di A.MA.FA&#8217; Srl o di terze parti;<\/li>\n<li>proteggere i diritti e la sicurezza personale dei nostri dipendenti e di terze persone.<\/li>\n<\/ol>\n<\/li>\n<\/ul>\n<p>In relazione alle finalit\u00e0 indicate ai punti precedenti, i dati potranno inoltre essere comunicati ai seguenti soggetti o alle categorie di soggetti sotto indicati, regolarmente incaricati a tale forma di trattamento nel pieno rispetto delle misure vigenti:<\/p>\n<ul>\n<li>Studi di commercialisti quando la comunicazione \u00e8 dovuta per legge, oppure \u00e8 nell&#8217;interesse del soggetto (persona fisica o giuridica);<\/li>\n<li>Studi di avvocati quando la comunicazione \u00e8 dovuta per legge, , oppure quando la comunicazione \u00e8 nell&#8217;interesse del soggetto (persona fisica o giuridica);<\/li>\n<li>Consulenti Tecnici e\/o Commerciali per adempiere a richieste o servizi.<\/li>\n<\/ul>\n<p><strong>7. <strong>Periodo di Conservazione dei Dati<\/strong> <\/strong><\/p>\n<p>Al termine della prestazione o della fornitura del servizio, i dati personali saranno conservati esclusivamente per scopi storici o statistici o per eventuali obblighi, in conformit\u00e0 alla legge, ai regolamenti, alla normativa comunitaria e ai codici di deontologia e di buona condotta sottoscritti ai sensi dell\u2019art. 40 del Reg. UE 2016\/679, per un periodo come da normativa vigente (di solito 10 anni), oppure, nel caso non siano soggetti ad alcuna legge, per un periodo non superiore a 5 anni. Oltre tale periodo, i dati personali saranno conservati in forma anonima, oppure saranno distrutti.<\/p>\n<p>8. <strong>Assenza di un Processo Decisionale Automatizzato<\/strong><\/p>\n<p>In questo sito web non \u00e8 presente un processo decisionale automatizzato e, in particolare, non \u00e8 presente un sistema di profilazione.<\/p>\n<p>9. <strong>Diritti degli Interessati<\/strong><\/p>\n<p>L\u2019Interessato ha diritto di:<\/p>\n<ul>\n<li>ottenere la conferma dell\u2019esistenza o meno di dati personali che lo riguardano, anche se non ancora registrati, e la loro comunicazione senza ritardo in forma intelligibile;<\/li>\n<li>richiedere informazioni, per iscritto, sui suoi dati personali da noi memorizzati (es: origine, finalit\u00e0, modalit\u00e0, categorie, logica applicata, periodo di conservazione, diritti, dati identificativi del Titolare del Trattamento, soggetti o categorie a cui possono essere comunicati i dati);<\/li>\n<li>revocare il consenso al trattamento dei dati;<\/li>\n<li>richiedere la cancellazione dei dati;<\/li>\n<li>richiedere la trasformazione e\/o la limitazione o il blocco dei dati trattati in violazione di legge;<\/li>\n<li>richiedere l\u2019aggiornamento, la rettifica o l\u2019integrazione dei dati;<\/li>\n<li>ottenere i propri dati personali, forniti al Titolare del Trattamento, in modo da poterli trasmettere ad altro Titolare del Trattamento;<\/li>\n<li>richiedere l\u2019attestazione che le operazioni predette sono state portate a conoscenza di coloro ai quali i dati sono stati comunicati, eccettuato il caso in cui tale adempimento si riveli impossibile o comporti un impiego di mezzi sproporzionato rispetto al diritto tutelato;<\/li>\n<li>opporsi, in tutto o in parte, per motivi legittimi, al trattamento dei dati personali che lo riguardano, ancorch\u00e9 pertinenti allo scopo della raccolta;<\/li>\n<li>proporre reclamo all&#8217;Autorit\u00e0 Garante per la Privacy ( <a href=\"http:\/\/www.garanteprivacy.it\">garanteprivacy.it<\/a> ).<\/li>\n<\/ul>\n<p>Per ulteriori informazioni in ordine alle leggi e ai diritti sulla privacy, l\u2019Interessato pu\u00f2 visitare il sito web dell\u2019Autorit\u00e0 Garante per la Protezione dei Dati Personali all&#8217;indirizzo: <a href=\"http:\/\/www.garanteprivacy.it\">www.garanteprivacy.it<\/a> .<\/p>\n<p>L\u2019interessato che vuole esercitare un suo diritto deve utilizzare i contatti del Titolare del Trattamento.<\/p>","protected":false},"excerpt":{"rendered":"<p>Informativa sul trattamento dei dati personali ai sensi del Regolamento UE n. 679\/2016 (GDPR) e delle ulteriori normative vigenti La protezione della sua privacy e dei suoi dati personali \u00e8 una questione importante a cui prestiamo attenzione in tutti i nostri rapporti commerciali e in tutti i servizi offerti. Rispettiamo la riservatezza dei suoi dati [&hellip;]<\/p>","protected":false},"author":2,"featured_media":0,"parent":0,"menu_order":0,"comment_status":"closed","ping_status":"open","template":"","meta":[],"yoast_head":"<!-- This site is optimized with the Yoast SEO plugin v16.5 - https:\/\/yoast.com\/wordpress\/plugins\/seo\/ -->\n<title>Privacy Policy - Hotel Orsa Maggiore<\/title>\n<meta name=\"robots\" content=\"index, follow, max-snippet:-1, max-image-preview:large, max-video-preview:-1\" \/>\n<link rel=\"canonical\" href=\"https:\/\/www.orsamaggiore.it\/en\/privacy-policy\/\" \/>\n<meta property=\"og:locale\" content=\"en_GB\" \/>\n<meta property=\"og:type\" content=\"article\" \/>\n<meta property=\"og:title\" content=\"Privacy Policy - Hotel Orsa Maggiore\" \/>\n<meta property=\"og:description\" content=\"Informativa sul trattamento dei dati personali ai sensi del Regolamento UE n. 679\/2016 (GDPR) e delle ulteriori normative vigenti La protezione della sua privacy e dei suoi dati personali \u00e8 una questione importante a cui prestiamo attenzione in tutti i nostri rapporti commerciali e in tutti i servizi offerti. Rispettiamo la riservatezza dei suoi dati [&hellip;]\" \/>\n<meta property=\"og:url\" content=\"https:\/\/www.orsamaggiore.it\/en\/privacy-policy\/\" \/>\n<meta property=\"og:site_name\" content=\"Hotel Orsa Maggiore\" \/>\n<meta property=\"article:modified_time\" content=\"2019-05-22T14:50:34+00:00\" \/>\n<meta name=\"twitter:card\" content=\"summary_large_image\" \/>\n<meta name=\"twitter:label1\" content=\"Estimated reading time\" \/>\n\t<meta name=\"twitter:data1\" content=\"10 minutes\" \/>\n<script type=\"application\/ld+json\" class=\"yoast-schema-graph\">{\"@context\":\"https:\/\/schema.org\",\"@graph\":[{\"@type\":\"WebSite\",\"@id\":\"http:\/\/www.orsamaggiore.it\/en\/#website\",\"url\":\"http:\/\/www.orsamaggiore.it\/en\/\",\"name\":\"Hotel Orsa Maggiore\",\"description\":\"HOM Hotel Orsa Maggiore - Castro Marina\",\"potentialAction\":[{\"@type\":\"SearchAction\",\"target\":\"http:\/\/www.orsamaggiore.it\/en\/?s={search_term_string}\",\"query-input\":\"required name=search_term_string\"}],\"inLanguage\":\"en-GB\"},{\"@type\":\"WebPage\",\"@id\":\"https:\/\/www.orsamaggiore.it\/privacy-policy\/#webpage\",\"url\":\"https:\/\/www.orsamaggiore.it\/privacy-policy\/\",\"name\":\"Privacy Policy - Hotel Orsa Maggiore\",\"isPartOf\":{\"@id\":\"http:\/\/www.orsamaggiore.it\/en\/#website\"},\"datePublished\":\"2018-07-26T12:41:46+00:00\",\"dateModified\":\"2019-05-22T14:50:34+00:00\",\"breadcrumb\":{\"@id\":\"https:\/\/www.orsamaggiore.it\/privacy-policy\/#breadcrumb\"},\"inLanguage\":\"en-GB\",\"potentialAction\":[{\"@type\":\"ReadAction\",\"target\":[\"https:\/\/www.orsamaggiore.it\/privacy-policy\/\"]}]},{\"@type\":\"BreadcrumbList\",\"@id\":\"https:\/\/www.orsamaggiore.it\/privacy-policy\/#breadcrumb\",\"itemListElement\":[{\"@type\":\"ListItem\",\"position\":1,\"name\":\"Home\",\"item\":\"https:\/\/www.orsamaggiore.it\/\"},{\"@type\":\"ListItem\",\"position\":2,\"name\":\"Privacy Policy\"}]}]}<\/script>\n<!-- \/ Yoast SEO plugin. -->","_links":{"self":[{"href":"https:\/\/www.orsamaggiore.it\/en\/wp-json\/wp\/v2\/pages\/3"}],"collection":[{"href":"https:\/\/www.orsamaggiore.it\/en\/wp-json\/wp\/v2\/pages"}],"about":[{"href":"https:\/\/www.orsamaggiore.it\/en\/wp-json\/wp\/v2\/types\/page"}],"author":[{"embeddable":true,"href":"https:\/\/www.orsamaggiore.it\/en\/wp-json\/wp\/v2\/users\/2"}],"replies":[{"embeddable":true,"href":"https:\/\/www.orsamaggiore.it\/en\/wp-json\/wp\/v2\/comments?post=3"}],"version-history":[{"count":3,"href":"https:\/\/www.orsamaggiore.it\/en\/wp-json\/wp\/v2\/pages\/3\/revisions"}],"predecessor-version":[{"id":1128,"href":"https:\/\/www.orsamaggiore.it\/en\/wp-json\/wp\/v2\/pages\/3\/revisions\/1128"}],"wp:attachment":[{"href":"https:\/\/www.orsamaggiore.it\/en\/wp-json\/wp\/v2\/media?parent=3"}],"curies":[{"name":"wp","href":"https:\/\/api.w.org\/{rel}","templated":true}]}}